{"id":8447,"date":"2023-07-31T13:06:50","date_gmt":"2023-07-31T13:06:50","guid":{"rendered":"https:\/\/invering.com\/?page_id=8447"},"modified":"2023-07-31T14:15:40","modified_gmt":"2023-07-31T14:15:40","slug":"services-home","status":"publish","type":"page","link":"https:\/\/invering.com\/es\/services-home\/","title":{"rendered":"Services Home"},"content":{"rendered":"<div data-elementor-type=\"wp-page\" data-elementor-id=\"8447\" class=\"elementor elementor-8447\">\n\t\t\t\t\t\t\t\t\t<section class=\"elementor-section elementor-top-section elementor-element elementor-element-38746c1 elementor-section-boxed elementor-section-height-default elementor-section-height-default\" data-id=\"38746c1\" data-element_type=\"section\">\n\t\t\t\t\t\t<div class=\"elementor-container elementor-column-gap-default\">\n\t\t\t\t\t<div class=\"elementor-column elementor-col-100 elementor-top-column elementor-element elementor-element-529a954\" data-id=\"529a954\" data-element_type=\"column\">\n\t\t\t<div class=\"elementor-widget-wrap elementor-element-populated\">\n\t\t\t\t\t\t\t\t<div class=\"elementor-element elementor-element-a106ccf elementor-widget elementor-widget-r-energy-product-description-section\" data-id=\"a106ccf\" data-element_type=\"widget\" data-widget_type=\"r-energy-product-description-section.default\">\n\t\t\t\t<div class=\"elementor-widget-container\">\n\t\t\t<br \/>\n<b>Warning<\/b>:  Undefined array key \"bg_img\" in <b>\/var\/www\/html\/invering\/wp-content\/plugins\/r-energy-elementor-addons\/widgets\/r-energy-product-description-section.php<\/b> on line <b>131<\/b><br \/>\n<br \/>\n<b>Warning<\/b>:  Trying to access array offset on value of type null in <b>\/var\/www\/html\/invering\/wp-content\/plugins\/r-energy-elementor-addons\/widgets\/r-energy-product-description-section.php<\/b> on line <b>131<\/b><br \/>\n<br \/>\n<b>Warning<\/b>:  Undefined array key \"bg_img\" in <b>\/var\/www\/html\/invering\/wp-content\/plugins\/r-energy-elementor-addons\/widgets\/r-energy-product-description-section.php<\/b> on line <b>132<\/b><br \/>\n<br \/>\n<b>Warning<\/b>:  Trying to access array offset on value of type null in <b>\/var\/www\/html\/invering\/wp-content\/plugins\/r-energy-elementor-addons\/widgets\/r-energy-product-description-section.php<\/b> on line <b>132<\/b><br \/>\n<div class=\"description-item hidecolor\"><div class=\"container\"><div class=\"row align-items-center flex-column-reverse flex-md-row\"><div class=\"col-lg-6 col-md-7\"><div class=\"align-container\"><div class=\"align-item\"><div class=\"heading primary-heading\"><h5 class=\"subtitle\"><span>Sobre<\/span> <span>Nosotros<\/span><\/h5><\/div><\/div><\/div><\/div><\/div><\/div><\/div>\t\t<\/div>\n\t\t\t\t<\/div>\n\t\t\t\t\t<\/div>\n\t\t<\/div>\n\t\t\t\t\t\t\t<\/div>\n\t\t<\/section>\n\t\t\t\t<section class=\"elementor-section elementor-top-section elementor-element elementor-element-67f510e elementor-section-boxed elementor-section-height-default elementor-section-height-default\" data-id=\"67f510e\" data-element_type=\"section\">\n\t\t\t\t\t\t<div class=\"elementor-container elementor-column-gap-default\">\n\t\t\t\t\t<div class=\"elementor-column elementor-col-100 elementor-top-column elementor-element elementor-element-591a23d\" data-id=\"591a23d\" data-element_type=\"column\">\n\t\t\t<div class=\"elementor-widget-wrap elementor-element-populated\">\n\t\t\t\t\t\t\t\t<div class=\"elementor-element elementor-element-41cfa86 elementor-widget elementor-widget-r-energy-services-section\" data-id=\"41cfa86\" data-element_type=\"widget\" data-widget_type=\"r-energy-services-section.default\">\n\t\t\t\t<div class=\"elementor-widget-container\">\n\t\t\t<div class=\"services-inner services-inner--style-3\"><div class=\"container\"><div class=\"row margin-bottom\"><div class=\"col-xl-7 col-lg-6\"><div class=\"heading primary-heading inner-heading\"><div class=\"title-holder\"><div class=\"title-block\"><h3 class=\"title\">INVERING <br><\/h3><p class=\"subtitle\">SERVICIOS<\/p><\/div><\/div><\/div><\/div><div class=\"col-xl-5 col-lg-6\"><div class=\"heading-description\"><p>Nuestros servicios abarcan una variedad de proyectos en diferentes industrias.<\/p><\/div><\/div><\/div><\/div><div class=\"content-holder\"><div class=\"content\"><div class=\"container\"><div class=\"row offset-margin justify-content-sm-center\"><div class=\"col-sm-8 col-md-6 col-lg-4\"><div class=\"info-box\"><div class=\"info-box__img\"><img decoding=\"async\" src=\"https:\/\/invering.com\/wp-content\/uploads\/2022\/06\/pexels-thisisengineering-3861959-scaled.jpg\" alt=\"pexels-thisisengineering-3861959-scaled.jpg\"\/><\/div><div class=\"info-box__category\">Soluciones de Software<\/div><div class=\"info-box__description\"><div class=\"info-box__number\">01<\/div><div class=\"info-box__inner\"><h4 class=\"info-box__title\">Ingenier\u00eda de Software<i class=\"fa fa-chevron-right\" aria-hidden=\"true\"><\/i><\/h4><div class=\"info-box__hidden\"><p>Expertos en el dise\u00f1o y desarrollo de software confiable y de alta calidad.<\/p>\n<\/div><\/div><\/div><\/div><\/div><div class=\"col-sm-8 col-md-6 col-lg-4\"><div class=\"info-box\"><div class=\"info-box__img\"><img decoding=\"async\" src=\"http:\/\/invering.com\/wp-content\/uploads\/2023\/07\/empresario-apuntando-su-presentacion-negocios-pantalla-digital-alta-tecnologia-1-scaled.jpg\" alt=\"empresario-apuntando-su-presentacion-negocios-pantalla-digital-alta-tecnologia-1-scaled.jpg\"\/><\/div><div class=\"info-box__category\">Industria 4.0<\/div><div class=\"info-box__description\"><div class=\"info-box__number\">02<\/div><div class=\"info-box__inner\"><h4 class=\"info-box__title\">Industria 4.0<i class=\"fa fa-chevron-right\" aria-hidden=\"true\"><\/i><\/h4><div class=\"info-box__hidden\"><p>Nuestra oferta de vanguardia utiliza IoT, an\u00e1lisis de datos e inteligencia artificial para optimizar la fabricaci\u00f3n, impulsar la eficiencia y mejorar la competitividad.<\/p>\n<\/div><\/div><\/div><\/div><\/div><div class=\"col-sm-8 col-md-6 col-lg-4\"><div class=\"info-box\"><div class=\"info-box__img\"><img decoding=\"async\" src=\"http:\/\/invering.com\/wp-content\/uploads\/2022\/06\/pexels-anete-lusina-4792503-scaled.jpg\" alt=\"pexels-anete-lusina-4792503-scaled.jpg\"\/><\/div><div class=\"info-box__category\">Energ\u00eda<\/div><div class=\"info-box__description\"><div class=\"info-box__number\">03<\/div><div class=\"info-box__inner\"><h4 class=\"info-box__title\">Energ\u00eda<i class=\"fa fa-chevron-right\" aria-hidden=\"true\"><\/i><\/h4><div class=\"info-box__hidden\"><p>Nuestra experiencia abarca tanto la media tensi\u00f3n como la alta tensi\u00f3n, ofreciendo soluciones integrales para la distribuci\u00f3n y gesti\u00f3n eficiente de la energ\u00eda el\u00e9ctrica.<\/p>\n<\/div><\/div><\/div><\/div><\/div><div class=\"col-sm-8 col-md-6 col-lg-4\"><div class=\"info-box\"><div class=\"info-box__img\"><img decoding=\"async\" src=\"http:\/\/invering.com\/wp-content\/uploads\/2023\/07\/representacion-cadena-suministro-bodegon-1-scaled.jpg\" alt=\"representacion-cadena-suministro-bodegon-1-scaled.jpg\"\/><\/div><div class=\"info-box__category\">MOVILIDAD<\/div><div class=\"info-box__description\"><div class=\"info-box__number\">04<\/div><div class=\"info-box__inner\"><h4 class=\"info-box__title\"><a href=\"#\" target=\"_blank\">Movilidad<\/a><i class=\"fa fa-chevron-right\" aria-hidden=\"true\"><\/i><\/h4><div class=\"info-box__hidden\"><p>Soluciones de Movilidad: Nuestros servicios de movilidad atienden a las necesidades cambiantes del transporte en el mundo moderno.<\/p>\n<\/div><\/div><\/div><\/div><\/div><div class=\"col-sm-8 col-md-6 col-lg-4\"><div class=\"info-box\"><div class=\"info-box__img\"><img decoding=\"async\" src=\"http:\/\/invering.com\/wp-content\/uploads\/2023\/07\/tiro-vertical-angulo-modernos-edificios-negocios-vidrio-tocando-cielo-1-scaled.jpg\" alt=\"tiro-vertical-angulo-modernos-edificios-negocios-vidrio-tocando-cielo-1-scaled.jpg\"\/><\/div><div class=\"info-box__category\">Edificaciones inteligentes<\/div><div class=\"info-box__description\"><div class=\"info-box__number\">05<\/div><div class=\"info-box__inner\"><h4 class=\"info-box__title\"><a href=\"#\" target=\"_blank\">Edificaciones inteligentes<\/a><i class=\"fa fa-chevron-right\" aria-hidden=\"true\"><\/i><\/h4><div class=\"info-box__hidden\"><p>Nuestras soluciones para edificios inteligentes combinan la \u00faltima tecnolog\u00eda para crear espacios altamente eficientes y conectados.<\/p>\n<\/div><\/div><\/div><\/div><\/div><\/div><\/div><\/div><\/div><\/div>\t\t<\/div>\n\t\t\t\t<\/div>\n\t\t\t\t\t<\/div>\n\t\t<\/div>\n\t\t\t\t\t\t\t<\/div>\n\t\t<\/section>\n\t\t\t\t<div class=\"elementor-section elementor-top-section elementor-element elementor-element-1911792 elementor-section-stretched elementor-section-full_width elementor-section-height-default elementor-section-height-default\" data-id=\"1911792\" data-element_type=\"section\" data-settings=\"{&quot;stretch_section&quot;:&quot;section-stretched&quot;}\">\n\t\t\t\t\t\t<div class=\"elementor-container elementor-column-gap-no\">\n\t\t\t\t\t<div class=\"elementor-column elementor-col-100 elementor-top-column elementor-element elementor-element-18765e9\" data-id=\"18765e9\" data-element_type=\"column\">\n\t\t\t<div class=\"elementor-widget-wrap elementor-element-populated\">\n\t\t\t\t\t\t\t\t<div class=\"elementor-section elementor-inner-section elementor-element elementor-element-405eb68 elementor-section-boxed elementor-section-height-default elementor-section-height-default\" data-id=\"405eb68\" data-element_type=\"section\">\n\t\t\t\t\t\t<div class=\"elementor-container elementor-column-gap-default\">\n\t\t\t\t\t<div class=\"elementor-column elementor-col-100 elementor-inner-column elementor-element elementor-element-2bd3b6e\" data-id=\"2bd3b6e\" data-element_type=\"column\">\n\t\t\t<div class=\"elementor-widget-wrap elementor-element-populated\">\n\t\t\t\t\t\t\t\t<div class=\"elementor-element elementor-element-54d7ca7 elementor-widget elementor-widget-r-energy-section-heading\" data-id=\"54d7ca7\" data-element_type=\"widget\" data-widget_type=\"r-energy-section-heading.default\">\n\t\t\t\t<div class=\"elementor-widget-container\">\n\t\t\t<div class=\"heading primary-heading\"><h3 class=\"title\">SERVICIOS<\/h3><h5 class=\"subtitle\"><span>Proveemos<\/span> <span> servicios creativos<\/span><\/h5><div class=\"desc\"><p>Ofrecemos servicios integrales con calidad y eficiencia en proyectos de tecnolog\u00eda, automatizaci\u00f3n e ingenier\u00eda de software para el sector industrial, energ\u00e9tico y de servicios p\u00fablicos.<\/p>\n<\/div><\/div>\t\t<\/div>\n\t\t\t\t<\/div>\n\t\t\t\t\t<\/div>\n\t\t<\/div>\n\t\t\t\t\t\t\t<\/div>\n\t\t<\/div>\n\t\t\t\t<div class=\"elementor-section elementor-inner-section elementor-element elementor-element-062d74f nt-structure nt-col-25 elementor-section-boxed elementor-section-height-default elementor-section-height-default\" data-id=\"062d74f\" data-element_type=\"section\">\n\t\t\t\t\t\t<div class=\"elementor-container elementor-column-gap-default\">\n\t\t\t\t\t<div class=\"elementor-column elementor-col-12 elementor-inner-column elementor-element elementor-element-f4870d4\" data-id=\"f4870d4\" data-element_type=\"column\">\n\t\t\t<div class=\"elementor-widget-wrap elementor-element-populated\">\n\t\t\t\t\t\t\t\t<div class=\"elementor-element elementor-element-3c53399 elementor-view-default elementor-widget elementor-widget-icon\" data-id=\"3c53399\" data-element_type=\"widget\" data-widget_type=\"icon.default\">\n\t\t\t\t<div class=\"elementor-widget-container\">\n\t\t\t\t\t<div class=\"elementor-icon-wrapper\">\n\t\t\t<div class=\"elementor-icon\">\n\t\t\t<i aria-hidden=\"true\" class=\"fas fa-solar-panel\"><\/i>\t\t\t<\/div>\n\t\t<\/div>\n\t\t\t\t<\/div>\n\t\t\t\t<\/div>\n\t\t\t\t<div class=\"elementor-element elementor-element-7678b97 elementor-widget elementor-widget-heading\" data-id=\"7678b97\" data-element_type=\"widget\" data-widget_type=\"heading.default\">\n\t\t\t\t<div class=\"elementor-widget-container\">\n\t\t\t<style>\/*! elementor - v3.15.0 - 09-08-2023 *\/\n.elementor-heading-title{padding:0;margin:0;line-height:1}.elementor-widget-heading .elementor-heading-title[class*=elementor-size-]>a{color:inherit;font-size:inherit;line-height:inherit}.elementor-widget-heading .elementor-heading-title.elementor-size-small{font-size:15px}.elementor-widget-heading .elementor-heading-title.elementor-size-medium{font-size:19px}.elementor-widget-heading .elementor-heading-title.elementor-size-large{font-size:29px}.elementor-widget-heading .elementor-heading-title.elementor-size-xl{font-size:39px}.elementor-widget-heading .elementor-heading-title.elementor-size-xxl{font-size:59px}<\/style><h4 class=\"elementor-heading-title elementor-size-default\">Construcci\u00f3n de Plantas Fotovoltaicas.<\/h4>\t\t<\/div>\n\t\t\t\t<\/div>\n\t\t\t\t\t<\/div>\n\t\t<\/div>\n\t\t\t\t<div class=\"elementor-column elementor-col-12 elementor-inner-column elementor-element elementor-element-7469987\" data-id=\"7469987\" data-element_type=\"column\">\n\t\t\t<div class=\"elementor-widget-wrap elementor-element-populated\">\n\t\t\t\t\t\t\t\t<div class=\"elementor-element elementor-element-2b8d825 elementor-view-default elementor-widget elementor-widget-icon\" data-id=\"2b8d825\" data-element_type=\"widget\" data-widget_type=\"icon.default\">\n\t\t\t\t<div class=\"elementor-widget-container\">\n\t\t\t\t\t<div class=\"elementor-icon-wrapper\">\n\t\t\t<div class=\"elementor-icon\">\n\t\t\t<i aria-hidden=\"true\" class=\"fas fa-database\"><\/i>\t\t\t<\/div>\n\t\t<\/div>\n\t\t\t\t<\/div>\n\t\t\t\t<\/div>\n\t\t\t\t<div class=\"elementor-element elementor-element-9065af9 elementor-widget elementor-widget-heading\" data-id=\"9065af9\" data-element_type=\"widget\" data-widget_type=\"heading.default\">\n\t\t\t\t<div class=\"elementor-widget-container\">\n\t\t\t<h4 class=\"elementor-heading-title elementor-size-default\">Bases de Datos Industriales.<\/h4>\t\t<\/div>\n\t\t\t\t<\/div>\n\t\t\t\t\t<\/div>\n\t\t<\/div>\n\t\t\t\t<div class=\"elementor-column elementor-col-12 elementor-inner-column elementor-element elementor-element-c8e3fae\" data-id=\"c8e3fae\" data-element_type=\"column\">\n\t\t\t<div class=\"elementor-widget-wrap elementor-element-populated\">\n\t\t\t\t\t\t\t\t<div class=\"elementor-element elementor-element-29c194e elementor-view-default elementor-widget elementor-widget-icon\" data-id=\"29c194e\" data-element_type=\"widget\" data-widget_type=\"icon.default\">\n\t\t\t\t<div class=\"elementor-widget-container\">\n\t\t\t\t\t<div class=\"elementor-icon-wrapper\">\n\t\t\t<div class=\"elementor-icon\">\n\t\t\t<i aria-hidden=\"true\" class=\"fas fa-laptop-code\"><\/i>\t\t\t<\/div>\n\t\t<\/div>\n\t\t\t\t<\/div>\n\t\t\t\t<\/div>\n\t\t\t\t<div class=\"elementor-element elementor-element-944c6ce elementor-widget elementor-widget-heading\" data-id=\"944c6ce\" data-element_type=\"widget\" data-widget_type=\"heading.default\">\n\t\t\t\t<div class=\"elementor-widget-container\">\n\t\t\t<h4 class=\"elementor-heading-title elementor-size-default\">\nDesarrollo de software<\/h4>\t\t<\/div>\n\t\t\t\t<\/div>\n\t\t\t\t\t<\/div>\n\t\t<\/div>\n\t\t\t\t<div class=\"elementor-column elementor-col-12 elementor-inner-column elementor-element elementor-element-bb518e0\" data-id=\"bb518e0\" data-element_type=\"column\">\n\t\t\t<div class=\"elementor-widget-wrap elementor-element-populated\">\n\t\t\t\t\t\t\t\t<div class=\"elementor-element elementor-element-cca5cfc elementor-view-default elementor-widget elementor-widget-icon\" data-id=\"cca5cfc\" data-element_type=\"widget\" data-widget_type=\"icon.default\">\n\t\t\t\t<div class=\"elementor-widget-container\">\n\t\t\t\t\t<div class=\"elementor-icon-wrapper\">\n\t\t\t<div class=\"elementor-icon\">\n\t\t\t<i aria-hidden=\"true\" class=\"fas fa-sun\"><\/i>\t\t\t<\/div>\n\t\t<\/div>\n\t\t\t\t<\/div>\n\t\t\t\t<\/div>\n\t\t\t\t<div class=\"elementor-element elementor-element-c2ef116 elementor-widget elementor-widget-heading\" data-id=\"c2ef116\" data-element_type=\"widget\" data-widget_type=\"heading.default\">\n\t\t\t\t<div class=\"elementor-widget-container\">\n\t\t\t<h4 class=\"elementor-heading-title elementor-size-default\">Estudios de Viabilidad para Plantas de Generaci\u00f3n de Energ\u00eda.<\/h4>\t\t<\/div>\n\t\t\t\t<\/div>\n\t\t\t\t\t<\/div>\n\t\t<\/div>\n\t\t\t\t<div class=\"elementor-column elementor-col-12 elementor-inner-column elementor-element elementor-element-227e445\" data-id=\"227e445\" data-element_type=\"column\">\n\t\t\t<div class=\"elementor-widget-wrap elementor-element-populated\">\n\t\t\t\t\t\t\t\t<div class=\"elementor-element elementor-element-12ef47e elementor-view-default elementor-widget elementor-widget-icon\" data-id=\"12ef47e\" data-element_type=\"widget\" data-widget_type=\"icon.default\">\n\t\t\t\t<div class=\"elementor-widget-container\">\n\t\t\t\t\t<div class=\"elementor-icon-wrapper\">\n\t\t\t<div class=\"elementor-icon\">\n\t\t\t<i aria-hidden=\"true\" class=\"fab fa-connectdevelop\"><\/i>\t\t\t<\/div>\n\t\t<\/div>\n\t\t\t\t<\/div>\n\t\t\t\t<\/div>\n\t\t\t\t<div class=\"elementor-element elementor-element-19deb05 elementor-widget elementor-widget-heading\" data-id=\"19deb05\" data-element_type=\"widget\" data-widget_type=\"heading.default\">\n\t\t\t\t<div class=\"elementor-widget-container\">\n\t\t\t<h4 class=\"elementor-heading-title elementor-size-default\">Desarrollo de Sistemas de Interconexi\u00f3n El\u00e9ctrica.<\/h4>\t\t<\/div>\n\t\t\t\t<\/div>\n\t\t\t\t\t<\/div>\n\t\t<\/div>\n\t\t\t\t<div class=\"elementor-column elementor-col-12 elementor-inner-column elementor-element elementor-element-9d82a72\" data-id=\"9d82a72\" data-element_type=\"column\">\n\t\t\t<div class=\"elementor-widget-wrap elementor-element-populated\">\n\t\t\t\t\t\t\t\t<div class=\"elementor-element elementor-element-c875a29 elementor-view-default elementor-widget elementor-widget-icon\" data-id=\"c875a29\" data-element_type=\"widget\" data-widget_type=\"icon.default\">\n\t\t\t\t<div class=\"elementor-widget-container\">\n\t\t\t\t\t<div class=\"elementor-icon-wrapper\">\n\t\t\t<div class=\"elementor-icon\">\n\t\t\t<i aria-hidden=\"true\" class=\"fas fa-search-location\"><\/i>\t\t\t<\/div>\n\t\t<\/div>\n\t\t\t\t<\/div>\n\t\t\t\t<\/div>\n\t\t\t\t<div class=\"elementor-element elementor-element-206a66e elementor-widget elementor-widget-heading\" data-id=\"206a66e\" data-element_type=\"widget\" data-widget_type=\"heading.default\">\n\t\t\t\t<div class=\"elementor-widget-container\">\n\t\t\t<h4 class=\"elementor-heading-title elementor-size-default\">Equipos de Monitoreo para Redes de Media Tensi\u00f3n.<\/h4>\t\t<\/div>\n\t\t\t\t<\/div>\n\t\t\t\t\t<\/div>\n\t\t<\/div>\n\t\t\t\t<div class=\"elementor-column elementor-col-12 elementor-inner-column elementor-element elementor-element-15309ff\" data-id=\"15309ff\" data-element_type=\"column\">\n\t\t\t<div class=\"elementor-widget-wrap elementor-element-populated\">\n\t\t\t\t\t\t\t\t<div class=\"elementor-element elementor-element-31cd380 elementor-view-default elementor-widget elementor-widget-icon\" data-id=\"31cd380\" data-element_type=\"widget\" data-widget_type=\"icon.default\">\n\t\t\t\t<div class=\"elementor-widget-container\">\n\t\t\t\t\t<div class=\"elementor-icon-wrapper\">\n\t\t\t<div class=\"elementor-icon\">\n\t\t\t<i aria-hidden=\"true\" class=\"fas fa-network-wired\"><\/i>\t\t\t<\/div>\n\t\t<\/div>\n\t\t\t\t<\/div>\n\t\t\t\t<\/div>\n\t\t\t\t<div class=\"elementor-element elementor-element-40ce06c elementor-widget elementor-widget-heading\" data-id=\"40ce06c\" data-element_type=\"widget\" data-widget_type=\"heading.default\">\n\t\t\t\t<div class=\"elementor-widget-container\">\n\t\t\t<h4 class=\"elementor-heading-title elementor-size-default\">Sistemas Inform\u00e1ticos para la Operaci\u00f3n de Redes de Distribuci\u00f3n El\u00e9ctrica.<\/h4>\t\t<\/div>\n\t\t\t\t<\/div>\n\t\t\t\t\t<\/div>\n\t\t<\/div>\n\t\t\t\t<div class=\"elementor-column elementor-col-12 elementor-inner-column elementor-element elementor-element-5612ba4\" data-id=\"5612ba4\" data-element_type=\"column\">\n\t\t\t<div class=\"elementor-widget-wrap elementor-element-populated\">\n\t\t\t\t\t\t\t\t<div class=\"elementor-element elementor-element-5428d08 elementor-view-default elementor-widget elementor-widget-icon\" data-id=\"5428d08\" data-element_type=\"widget\" data-widget_type=\"icon.default\">\n\t\t\t\t<div class=\"elementor-widget-container\">\n\t\t\t\t\t<div class=\"elementor-icon-wrapper\">\n\t\t\t<div class=\"elementor-icon\">\n\t\t\t<i aria-hidden=\"true\" class=\"fas fa-info\"><\/i>\t\t\t<\/div>\n\t\t<\/div>\n\t\t\t\t<\/div>\n\t\t\t\t<\/div>\n\t\t\t\t<div class=\"elementor-element elementor-element-2646da4 elementor-widget elementor-widget-heading\" data-id=\"2646da4\" data-element_type=\"widget\" data-widget_type=\"heading.default\">\n\t\t\t\t<div class=\"elementor-widget-container\">\n\t\t\t<h4 class=\"elementor-heading-title elementor-size-default\">\nImplementaci\u00f3n de sistemas inform\u00e1ticos para la automatizaci\u00f3n del monitoreo de procesos.<\/h4>\t\t<\/div>\n\t\t\t\t<\/div>\n\t\t\t\t\t<\/div>\n\t\t<\/div>\n\t\t\t\t\t\t\t<\/div>\n\t\t<\/div>\n\t\t\t\t\t<\/div>\n\t\t<\/div>\n\t\t\t\t\t\t\t<\/div>\n\t\t<\/div>\n\t\t\t\t\t\t\t<\/div>","protected":false},"excerpt":{"rendered":"<p>About Us INVERING SERVICES Our services cover a variety of projects in different industries. Software01 Software Engineering Experts in the design and development of reliable and high-quality software. Industry 4.002 Industry 4.0 Our cutting-edge offering leverages IoT, data analytics, and AI to optimize manufacturing, drive efficiency, and boost competitiveness. Energy03 Energy Our expertise covers both&#8230;<\/p>","protected":false},"author":9,"featured_media":0,"parent":0,"menu_order":0,"comment_status":"closed","ping_status":"closed","template":"r-energy-elementor-page.php","meta":{"footnotes":""},"_links":{"self":[{"href":"https:\/\/invering.com\/es\/wp-json\/wp\/v2\/pages\/8447"}],"collection":[{"href":"https:\/\/invering.com\/es\/wp-json\/wp\/v2\/pages"}],"about":[{"href":"https:\/\/invering.com\/es\/wp-json\/wp\/v2\/types\/page"}],"author":[{"embeddable":true,"href":"https:\/\/invering.com\/es\/wp-json\/wp\/v2\/users\/9"}],"replies":[{"embeddable":true,"href":"https:\/\/invering.com\/es\/wp-json\/wp\/v2\/comments?post=8447"}],"version-history":[{"count":29,"href":"https:\/\/invering.com\/es\/wp-json\/wp\/v2\/pages\/8447\/revisions"}],"predecessor-version":[{"id":8489,"href":"https:\/\/invering.com\/es\/wp-json\/wp\/v2\/pages\/8447\/revisions\/8489"}],"wp:attachment":[{"href":"https:\/\/invering.com\/es\/wp-json\/wp\/v2\/media?parent=8447"}],"curies":[{"name":"wp","href":"https:\/\/api.w.org\/{rel}","templated":true}]}}