{"id":8425,"date":"2023-07-28T20:30:47","date_gmt":"2023-07-28T20:30:47","guid":{"rendered":"https:\/\/invering.com\/?page_id=8425"},"modified":"2023-07-31T12:52:49","modified_gmt":"2023-07-31T12:52:49","slug":"about-us-home","status":"publish","type":"page","link":"https:\/\/invering.com\/es\/about-us-home\/","title":{"rendered":"About Us Home"},"content":{"rendered":"<div data-elementor-type=\"wp-page\" data-elementor-id=\"8425\" class=\"elementor elementor-8425\">\n\t\t\t\t\t\t\t\t\t<section class=\"elementor-section elementor-top-section elementor-element elementor-element-38746c1 elementor-section-boxed elementor-section-height-default elementor-section-height-default\" data-id=\"38746c1\" data-element_type=\"section\">\n\t\t\t\t\t\t<div class=\"elementor-container elementor-column-gap-default\">\n\t\t\t\t\t<div class=\"elementor-column elementor-col-100 elementor-top-column elementor-element elementor-element-529a954\" data-id=\"529a954\" data-element_type=\"column\">\n\t\t\t<div class=\"elementor-widget-wrap elementor-element-populated\">\n\t\t\t\t\t\t\t\t<div class=\"elementor-element elementor-element-a106ccf elementor-widget elementor-widget-r-energy-product-description-section\" data-id=\"a106ccf\" data-element_type=\"widget\" data-widget_type=\"r-energy-product-description-section.default\">\n\t\t\t\t<div class=\"elementor-widget-container\">\n\t\t\t<br \/>\n<b>Warning<\/b>:  Undefined array key \"bg_img\" in <b>\/var\/www\/html\/invering\/wp-content\/plugins\/r-energy-elementor-addons\/widgets\/r-energy-product-description-section.php<\/b> on line <b>131<\/b><br \/>\n<br \/>\n<b>Warning<\/b>:  Trying to access array offset on value of type null in <b>\/var\/www\/html\/invering\/wp-content\/plugins\/r-energy-elementor-addons\/widgets\/r-energy-product-description-section.php<\/b> on line <b>131<\/b><br \/>\n<br \/>\n<b>Warning<\/b>:  Undefined array key \"bg_img\" in <b>\/var\/www\/html\/invering\/wp-content\/plugins\/r-energy-elementor-addons\/widgets\/r-energy-product-description-section.php<\/b> on line <b>132<\/b><br \/>\n<br \/>\n<b>Warning<\/b>:  Trying to access array offset on value of type null in <b>\/var\/www\/html\/invering\/wp-content\/plugins\/r-energy-elementor-addons\/widgets\/r-energy-product-description-section.php<\/b> on line <b>132<\/b><br \/>\n<div class=\"description-item hidecolor\"><div class=\"container\"><div class=\"row align-items-center flex-column-reverse flex-md-row\"><div class=\"col-lg-6 col-md-7\"><div class=\"align-container\"><div class=\"align-item\"><div class=\"heading primary-heading\"><h5 class=\"subtitle\"><span>Sobre<\/span> <span>Nosotros<\/span><\/h5><\/div><\/div><\/div><\/div><\/div><\/div><\/div>\t\t<\/div>\n\t\t\t\t<\/div>\n\t\t\t\t\t<\/div>\n\t\t<\/div>\n\t\t\t\t\t\t\t<\/div>\n\t\t<\/section>\n\t\t\t\t<section class=\"elementor-section elementor-top-section elementor-element elementor-element-41d42bc elementor-section-full_width elementor-section-stretched elementor-section-height-default elementor-section-height-default\" data-id=\"41d42bc\" data-element_type=\"section\" data-settings=\"{&quot;stretch_section&quot;:&quot;section-stretched&quot;}\">\n\t\t\t\t\t\t<div class=\"elementor-container elementor-column-gap-default\">\n\t\t\t\t\t<div class=\"elementor-column elementor-col-100 elementor-top-column elementor-element elementor-element-533dc7e\" data-id=\"533dc7e\" data-element_type=\"column\">\n\t\t\t<div class=\"elementor-widget-wrap elementor-element-populated\">\n\t\t\t\t\t\t\t\t<div class=\"elementor-element elementor-element-90f0b62 elementor-widget elementor-widget-r-energy-brands-slider-section\" data-id=\"90f0b62\" data-element_type=\"widget\" data-widget_type=\"r-energy-brands-slider-section.default\">\n\t\t\t\t<div class=\"elementor-widget-container\">\n\t\t\t<div class=\"section brands--style-2\"><div class=\"container\"><div class=\"row\"><div class=\"col-12\"><div class=\"heading primary-heading\"><h3 class=\"title\">INVERING<\/h3><h5 class=\"subtitle\"><span>Sobre<\/span> <span>Nosotros<\/span><\/h5><\/div><\/div><\/div><\/div><div class=\"container\"><div class=\"row\"><div class=\"col-12\"><div class=\"items-slider\" data-slider-settings='{\"autoplay\":false,\"adaptiveHeight\":true,\"infinite\":true,\"dots\":false,\"speed\":300,\"slidesToShow\":3,\"slidesToShow1200\":2,\"slidesToShow768\":1}'><div class=\"slider-item\"><figure class=\"brand-item--style-2\"><div class=\"img-holder\"><img decoding=\"async\" src=\"http:\/\/invering.com\/wp-content\/uploads\/2023\/07\/acerca-de.svg\" alt=\"acerca-de.svg\"\/><\/div><figcaption><h4 class=\"title\">Conoce sobre nosotros <br><\/h4><style>\na#boton{\n  border-radius: 5px;\n  padding: 10px 45px;\n  text-decoration: none;\n  color: #fff;\n  background-color: #29740F;\n  margin: 10px;<\/p>\n<p>}<\/p>\n<\/style>\n<p>Somos una empresa de tecnolog\u00eda especializada en ingenier\u00eda de software, energ\u00eda de media tensi\u00f3n, energ\u00eda de baja tensi\u00f3n y energ\u00edas renovables.<br \/> <br \/>\n<a id=\"boton\" href=\"..\/who-we-are\">Desc\u00fabrenos<\/a><\/p>\n<\/figcaption><\/figure><\/div><div class=\"slider-item\"><figure class=\"brand-item--style-2\"><div class=\"img-holder\"><img decoding=\"async\" src=\"http:\/\/invering.com\/wp-content\/uploads\/2023\/07\/ubicacion.svg\" alt=\"ubicacion.svg\"\/><\/div><figcaption><h4 class=\"title\">Descubre nuestra ubicaci\u00f3n <br><\/h4><style>\na#boton{\n  border-radius: 5px;\n  padding: 10px 45px;\n  text-decoration: none;\n  color: #fff;\n  background-color: #29740F;\n  margin: 10px;<\/p>\n<p>}<\/p>\n<\/style>\n<p>Explore nuestra ubicaci\u00f3n y  y descubra las diversas divisiones que tenemos . Conozca d\u00f3nde se encuentran nuestras divisiones.<br \/> <br \/>\n<a id=\"boton\" href=\"..\/location\">Desc\u00fabrenos<\/a><\/p>\n<\/figcaption><\/figure><\/div><div class=\"slider-item\"><figure class=\"brand-item--style-2\"><div class=\"img-holder\"><img decoding=\"async\" src=\"http:\/\/invering.com\/wp-content\/uploads\/2023\/07\/cliente.svg\" alt=\"cliente.svg\"\/><\/div><figcaption><h4 class=\"title\">Conoce a nuestros clientes <br><\/h4><style>\na#boton{\n  border-radius: 5px;\n  padding: 10px 45px;\n  text-decoration: none;\n  color: #fff;\n  background-color: #29740F;\n  margin: 10px;<\/p>\n<p>}<\/p>\n<\/style>\n<p>Una base diversa de empresas, que abarca desde peque\u00f1os negocios hasta grandes corporaciones, que conf\u00edan en nuestros servicios.<br \/> <br \/>\n<a id=\"boton\" href=\"..\/clients\">Desc\u00fabrenos<\/a><\/p>\n<\/figcaption><\/figure><\/div><\/div><\/div><\/div><\/div><\/div>\t\t<\/div>\n\t\t\t\t<\/div>\n\t\t\t\t\t<\/div>\n\t\t<\/div>\n\t\t\t\t\t\t\t<\/div>\n\t\t<\/section>\n\t\t\t\t\t\t\t<\/div>","protected":false},"excerpt":{"rendered":"<p>About Us INVERING About Us Get to know about us We are a technology company specialized in software engineering, medium voltage energy, low voltage energy, and renewable energies. Discover Discover our location Explore our location and discover the diverse divisions at different sites. Get to know where our various branches are situated. Discover Meet our&#8230;<\/p>","protected":false},"author":9,"featured_media":0,"parent":0,"menu_order":0,"comment_status":"closed","ping_status":"closed","template":"r-energy-elementor-page.php","meta":{"footnotes":""},"_links":{"self":[{"href":"https:\/\/invering.com\/es\/wp-json\/wp\/v2\/pages\/8425"}],"collection":[{"href":"https:\/\/invering.com\/es\/wp-json\/wp\/v2\/pages"}],"about":[{"href":"https:\/\/invering.com\/es\/wp-json\/wp\/v2\/types\/page"}],"author":[{"embeddable":true,"href":"https:\/\/invering.com\/es\/wp-json\/wp\/v2\/users\/9"}],"replies":[{"embeddable":true,"href":"https:\/\/invering.com\/es\/wp-json\/wp\/v2\/comments?post=8425"}],"version-history":[{"count":16,"href":"https:\/\/invering.com\/es\/wp-json\/wp\/v2\/pages\/8425\/revisions"}],"predecessor-version":[{"id":8446,"href":"https:\/\/invering.com\/es\/wp-json\/wp\/v2\/pages\/8425\/revisions\/8446"}],"wp:attachment":[{"href":"https:\/\/invering.com\/es\/wp-json\/wp\/v2\/media?parent=8425"}],"curies":[{"name":"wp","href":"https:\/\/api.w.org\/{rel}","templated":true}]}}