{"id":7954,"date":"2023-07-18T22:04:19","date_gmt":"2023-07-18T22:04:19","guid":{"rendered":"https:\/\/invering.com\/?page_id=7954"},"modified":"2023-07-18T22:14:59","modified_gmt":"2023-07-18T22:14:59","slug":"outsourcing","status":"publish","type":"page","link":"https:\/\/invering.com\/es\/outsourcing\/","title":{"rendered":"Outsourcing"},"content":{"rendered":"<div data-elementor-type=\"wp-page\" data-elementor-id=\"7954\" class=\"elementor elementor-7954\">\n\t\t\t\t\t\t\t\t\t<section class=\"elementor-section elementor-top-section elementor-element elementor-element-c33b80c elementor-section-stretched elementor-section-full_width elementor-section-height-default elementor-section-height-default\" data-id=\"c33b80c\" data-element_type=\"section\" data-settings=\"{&quot;stretch_section&quot;:&quot;section-stretched&quot;}\">\n\t\t\t\t\t\t<div class=\"elementor-container elementor-column-gap-no\">\n\t\t\t\t\t<div class=\"elementor-column elementor-col-100 elementor-top-column elementor-element elementor-element-788217e\" data-id=\"788217e\" data-element_type=\"column\">\n\t\t\t<div class=\"elementor-widget-wrap elementor-element-populated\">\n\t\t\t\t\t\t\t\t<div class=\"elementor-element elementor-element-487629e elementor-widget elementor-widget-r-energy-page-hero-section\" data-id=\"487629e\" data-element_type=\"widget\" data-widget_type=\"r-energy-page-hero-section.default\">\n\t\t\t\t<div class=\"elementor-widget-container\">\n\t\t\t<div class=\"promo-primary\"><div class=\"overlay\"><\/div><picture><source srcset=\"https:\/\/invering.com\/wp-content\/uploads\/2023\/07\/9QTpESGBXa32D29J77VR3d-2-1.jpg\" media=\"(min-width: 992px)\"\/><img decoding=\"async\" class=\"img-bg\" src=\"https:\/\/invering.com\/wp-content\/uploads\/2023\/07\/9QTpESGBXa32D29J77VR3d-2-1.jpg\" alt=\"9QTpESGBXa32D29J77VR3d-2-1.jpg\"\/><\/picture><div class=\"container\"><div class=\"row\"><div class=\"col-12\"><div class=\"align-container\"><div class=\"align-item\"><span class=\"site__name\">Invering<\/span><h1 class=\"title\">Outsourcing de desarrolladores de software\n<\/h1><\/div><\/div><\/div><\/div><\/div><\/div>\t\t<\/div>\n\t\t\t\t<\/div>\n\t\t\t\t\t<\/div>\n\t\t<\/div>\n\t\t\t\t\t\t\t<\/div>\n\t\t<\/section>\n\t\t\t\t<div class=\"elementor-section elementor-top-section elementor-element elementor-element-767fd884 elementor-section-stretched nt-section section no-padding-bottom about-welcome elementor-section-boxed elementor-section-height-default elementor-section-height-default\" data-id=\"767fd884\" data-element_type=\"section\" data-settings=\"{&quot;stretch_section&quot;:&quot;section-stretched&quot;}\">\n\t\t\t\t\t\t<div class=\"elementor-container elementor-column-gap-no\">\n\t\t\t\t\t<div class=\"elementor-column elementor-col-100 elementor-top-column elementor-element elementor-element-276b0a6\" data-id=\"276b0a6\" data-element_type=\"column\">\n\t\t\t<div class=\"elementor-widget-wrap elementor-element-populated\">\n\t\t\t\t\t\t\t\t<div class=\"elementor-element elementor-element-ef8f0f0 elementor-widget elementor-widget-text-editor\" data-id=\"ef8f0f0\" data-element_type=\"widget\" data-widget_type=\"text-editor.default\">\n\t\t\t\t<div class=\"elementor-widget-container\">\n\t\t\t<style>\/*! elementor - v3.15.0 - 09-08-2023 *\/\n.elementor-widget-text-editor.elementor-drop-cap-view-stacked .elementor-drop-cap{background-color:#69727d;color:#fff}.elementor-widget-text-editor.elementor-drop-cap-view-framed .elementor-drop-cap{color:#69727d;border:3px solid;background-color:transparent}.elementor-widget-text-editor:not(.elementor-drop-cap-view-default) .elementor-drop-cap{margin-top:8px}.elementor-widget-text-editor:not(.elementor-drop-cap-view-default) .elementor-drop-cap-letter{width:1em;height:1em}.elementor-widget-text-editor .elementor-drop-cap{float:left;text-align:center;line-height:1;font-size:50px}.elementor-widget-text-editor .elementor-drop-cap-letter{display:inline-block}<\/style>\t\t\t\t\t\t\t\t\t\t<\/div>\n\t\t\t\t<\/div>\n\t\t\t\t\t<\/div>\n\t\t<\/div>\n\t\t\t\t\t\t\t<\/div>\n\t\t<\/div>\n\t\t\t\t<section class=\"elementor-section elementor-top-section elementor-element elementor-element-38746c1 elementor-section-boxed elementor-section-height-default elementor-section-height-default\" data-id=\"38746c1\" data-element_type=\"section\">\n\t\t\t\t\t\t<div class=\"elementor-container elementor-column-gap-default\">\n\t\t\t\t\t<div class=\"elementor-column elementor-col-100 elementor-top-column elementor-element elementor-element-529a954\" data-id=\"529a954\" data-element_type=\"column\">\n\t\t\t<div class=\"elementor-widget-wrap elementor-element-populated\">\n\t\t\t\t\t\t\t\t<div class=\"elementor-element elementor-element-a106ccf elementor-widget elementor-widget-r-energy-product-description-section\" data-id=\"a106ccf\" data-element_type=\"widget\" data-widget_type=\"r-energy-product-description-section.default\">\n\t\t\t\t<div class=\"elementor-widget-container\">\n\t\t\t<br \/>\n<b>Warning<\/b>:  Undefined array key \"bg_img\" in <b>\/var\/www\/html\/invering\/wp-content\/plugins\/r-energy-elementor-addons\/widgets\/r-energy-product-description-section.php<\/b> on line <b>131<\/b><br \/>\n<br \/>\n<b>Warning<\/b>:  Trying to access array offset on value of type null in <b>\/var\/www\/html\/invering\/wp-content\/plugins\/r-energy-elementor-addons\/widgets\/r-energy-product-description-section.php<\/b> on line <b>131<\/b><br \/>\n<br \/>\n<b>Warning<\/b>:  Undefined array key \"bg_img\" in <b>\/var\/www\/html\/invering\/wp-content\/plugins\/r-energy-elementor-addons\/widgets\/r-energy-product-description-section.php<\/b> on line <b>132<\/b><br \/>\n<br \/>\n<b>Warning<\/b>:  Trying to access array offset on value of type null in <b>\/var\/www\/html\/invering\/wp-content\/plugins\/r-energy-elementor-addons\/widgets\/r-energy-product-description-section.php<\/b> on line <b>132<\/b><br \/>\n<div class=\"description-item hidecolor\"><div class=\"container\"><div class=\"row align-items-center flex-column-reverse flex-md-row\"><div class=\"col-lg-6 col-md-7\"><div class=\"align-container\"><div class=\"align-item\"><div class=\"heading primary-heading\"><h5 class=\"subtitle\"><span>Servicios de outsourcing\n<\/span> <span>developers<\/span><\/h5><\/div><\/div><\/div><\/div><\/div><\/div><\/div>\t\t<\/div>\n\t\t\t\t<\/div>\n\t\t\t\t\t<\/div>\n\t\t<\/div>\n\t\t\t\t\t\t\t<\/div>\n\t\t<\/section>\n\t\t\t\t<section class=\"elementor-section elementor-top-section elementor-element elementor-element-eb709c8 elementor-section-boxed elementor-section-height-default elementor-section-height-default\" data-id=\"eb709c8\" data-element_type=\"section\">\n\t\t\t\t\t\t<div class=\"elementor-container elementor-column-gap-default\">\n\t\t\t\t\t<div class=\"elementor-column elementor-col-100 elementor-top-column elementor-element elementor-element-9d03b21\" data-id=\"9d03b21\" data-element_type=\"column\">\n\t\t\t<div class=\"elementor-widget-wrap elementor-element-populated\">\n\t\t\t\t\t\t\t\t<div class=\"elementor-element elementor-element-6dc68a3 elementor-widget elementor-widget-spacer\" data-id=\"6dc68a3\" data-element_type=\"widget\" data-widget_type=\"spacer.default\">\n\t\t\t\t<div class=\"elementor-widget-container\">\n\t\t\t<style>\/*! elementor - v3.15.0 - 09-08-2023 *\/\n.elementor-column .elementor-spacer-inner{height:var(--spacer-size)}.e-con{--container-widget-width:100%}.e-con-inner>.elementor-widget-spacer,.e-con>.elementor-widget-spacer{width:var(--container-widget-width,var(--spacer-size));--align-self:var(--container-widget-align-self,initial);--flex-shrink:0}.e-con-inner>.elementor-widget-spacer>.elementor-widget-container,.e-con-inner>.elementor-widget-spacer>.elementor-widget-container>.elementor-spacer,.e-con>.elementor-widget-spacer>.elementor-widget-container,.e-con>.elementor-widget-spacer>.elementor-widget-container>.elementor-spacer{height:100%}.e-con-inner>.elementor-widget-spacer>.elementor-widget-container>.elementor-spacer>.elementor-spacer-inner,.e-con>.elementor-widget-spacer>.elementor-widget-container>.elementor-spacer>.elementor-spacer-inner{height:var(--container-widget-height,var(--spacer-size))}<\/style>\t\t<div class=\"elementor-spacer\">\n\t\t\t<div class=\"elementor-spacer-inner\"><\/div>\n\t\t<\/div>\n\t\t\t\t<\/div>\n\t\t\t\t<\/div>\n\t\t\t\t\t<\/div>\n\t\t<\/div>\n\t\t\t\t\t\t\t<\/div>\n\t\t<\/section>\n\t\t\t\t<section class=\"elementor-section elementor-top-section elementor-element elementor-element-cc27f14 elementor-section-boxed elementor-section-height-default elementor-section-height-default\" data-id=\"cc27f14\" data-element_type=\"section\">\n\t\t\t\t\t\t<div class=\"elementor-container elementor-column-gap-default\">\n\t\t\t\t\t<div class=\"elementor-column elementor-col-100 elementor-top-column elementor-element elementor-element-7138c45\" data-id=\"7138c45\" data-element_type=\"column\">\n\t\t\t<div class=\"elementor-widget-wrap elementor-element-populated\">\n\t\t\t\t\t\t\t\t<div class=\"elementor-element elementor-element-3995999 elementor-widget elementor-widget-spacer\" data-id=\"3995999\" data-element_type=\"widget\" data-widget_type=\"spacer.default\">\n\t\t\t\t<div class=\"elementor-widget-container\">\n\t\t\t\t\t<div class=\"elementor-spacer\">\n\t\t\t<div class=\"elementor-spacer-inner\"><\/div>\n\t\t<\/div>\n\t\t\t\t<\/div>\n\t\t\t\t<\/div>\n\t\t\t\t\t<\/div>\n\t\t<\/div>\n\t\t\t\t\t\t\t<\/div>\n\t\t<\/section>\n\t\t\t\t<section class=\"elementor-section elementor-top-section elementor-element elementor-element-21062d0 elementor-section-boxed elementor-section-height-default elementor-section-height-default\" data-id=\"21062d0\" data-element_type=\"section\">\n\t\t\t\t\t\t<div class=\"elementor-container elementor-column-gap-default\">\n\t\t\t\t\t<div class=\"elementor-column elementor-col-100 elementor-top-column elementor-element elementor-element-5a95875\" data-id=\"5a95875\" data-element_type=\"column\">\n\t\t\t<div class=\"elementor-widget-wrap elementor-element-populated\">\n\t\t\t\t\t\t\t\t<div class=\"elementor-element elementor-element-43772a3 elementor-widget elementor-widget-text-editor\" data-id=\"43772a3\" data-element_type=\"widget\" data-widget_type=\"text-editor.default\">\n\t\t\t\t<div class=\"elementor-widget-container\">\n\t\t\t\t\t\t\t<p>Ofrecemos el servicio de subcontrataci\u00f3n de desarrolladores de software para brindarle un equipo de desarrolladores de software altamente calificado. Estos profesionales trabajan de forma remota en proyectos espec\u00edficos, integr\u00e1ndose perfectamente en su equipo existente. Nuestro objetivo es brindarle soporte t\u00e9cnico y experiencia en desarrollo de software que satisfaga sus necesidades espec\u00edficas y brinde soluciones personalizadas que impulsen su \u00e9xito.<\/p><p>\u00a0<\/p><p>Our software developers have extensive experience in various technologies and programming languages.\u00a0<\/p><div><p>Esto nos permite adaptar nuestras soluciones a sus requisitos exactos, ya sea desarrollo de aplicaciones m\u00f3viles, software empresarial o soluciones web. Nuestro enfoque se basa en una comprensi\u00f3n profunda de sus metas y objetivos comerciales, trabajando estrechamente con usted para brindarle soluciones efectivas e innovadoras que impulsen su crecimiento.<\/p><p>\u00a0<\/p><p>In addition to our Outsourcing Software Developers service, we also provide online technical support to ensure optimal performance of your software at all times.\u00a0<\/p><br \/><p>.<\/p><\/div>\t\t\t\t\t\t<\/div>\n\t\t\t\t<\/div>\n\t\t\t\t\t<\/div>\n\t\t<\/div>\n\t\t\t\t\t\t\t<\/div>\n\t\t<\/section>\n\t\t\t\t<section class=\"elementor-section elementor-top-section elementor-element elementor-element-a465849 elementor-section-boxed elementor-section-height-default elementor-section-height-default\" data-id=\"a465849\" data-element_type=\"section\">\n\t\t\t\t\t\t<div class=\"elementor-container elementor-column-gap-default\">\n\t\t\t\t\t<div class=\"elementor-column elementor-col-100 elementor-top-column elementor-element elementor-element-3d8925b\" data-id=\"3d8925b\" data-element_type=\"column\">\n\t\t\t<div class=\"elementor-widget-wrap elementor-element-populated\">\n\t\t\t\t\t\t\t\t<div class=\"elementor-element elementor-element-a43cb67 elementor-widget elementor-widget-spacer\" data-id=\"a43cb67\" data-element_type=\"widget\" data-widget_type=\"spacer.default\">\n\t\t\t\t<div class=\"elementor-widget-container\">\n\t\t\t\t\t<div class=\"elementor-spacer\">\n\t\t\t<div class=\"elementor-spacer-inner\"><\/div>\n\t\t<\/div>\n\t\t\t\t<\/div>\n\t\t\t\t<\/div>\n\t\t\t\t\t<\/div>\n\t\t<\/div>\n\t\t\t\t\t\t\t<\/div>\n\t\t<\/section>\n\t\t\t\t<section class=\"elementor-section elementor-top-section elementor-element elementor-element-a7a0f06 elementor-section-full_width elementor-section-stretched elementor-section-height-default elementor-section-height-default\" data-id=\"a7a0f06\" data-element_type=\"section\" data-settings=\"{&quot;stretch_section&quot;:&quot;section-stretched&quot;,&quot;background_background&quot;:&quot;classic&quot;}\">\n\t\t\t\t\t\t<div class=\"elementor-container elementor-column-gap-default\">\n\t\t\t\t\t<div class=\"elementor-column elementor-col-100 elementor-top-column elementor-element elementor-element-8eb2681\" data-id=\"8eb2681\" data-element_type=\"column\">\n\t\t\t<div class=\"elementor-widget-wrap elementor-element-populated\">\n\t\t\t\t\t\t\t\t<section class=\"elementor-section elementor-inner-section elementor-element elementor-element-3f18062 nt-structure nt-col-33 elementor-section-boxed elementor-section-height-default elementor-section-height-default\" data-id=\"3f18062\" data-element_type=\"section\">\n\t\t\t\t\t\t<div class=\"elementor-container elementor-column-gap-default\">\n\t\t\t\t\t<div class=\"elementor-column elementor-col-33 elementor-inner-column elementor-element elementor-element-cb2550f\" data-id=\"cb2550f\" data-element_type=\"column\">\n\t\t\t<div class=\"elementor-widget-wrap elementor-element-populated\">\n\t\t\t\t\t\t\t\t<div class=\"elementor-element elementor-element-5826d75 elementor-widget elementor-widget-heading\" data-id=\"5826d75\" data-element_type=\"widget\" data-widget_type=\"heading.default\">\n\t\t\t\t<div class=\"elementor-widget-container\">\n\t\t\t<style>\/*! elementor - v3.15.0 - 09-08-2023 *\/\n.elementor-heading-title{padding:0;margin:0;line-height:1}.elementor-widget-heading .elementor-heading-title[class*=elementor-size-]>a{color:inherit;font-size:inherit;line-height:inherit}.elementor-widget-heading .elementor-heading-title.elementor-size-small{font-size:15px}.elementor-widget-heading .elementor-heading-title.elementor-size-medium{font-size:19px}.elementor-widget-heading .elementor-heading-title.elementor-size-large{font-size:29px}.elementor-widget-heading .elementor-heading-title.elementor-size-xl{font-size:39px}.elementor-widget-heading .elementor-heading-title.elementor-size-xxl{font-size:59px}<\/style><h4 class=\"elementor-heading-title elementor-size-default\"><b>Desarrollo de software personalizado<\/b><\/h4>\t\t<\/div>\n\t\t\t\t<\/div>\n\t\t\t\t<div class=\"elementor-element elementor-element-7aa2c7d elementor-widget elementor-widget-text-editor\" data-id=\"7aa2c7d\" data-element_type=\"widget\" data-widget_type=\"text-editor.default\">\n\t\t\t\t<div class=\"elementor-widget-container\">\n\t\t\t\t\t\t\t<p>Nuestro equipo de desarrolladores trabaja estrechamente con usted para comprender sus requisitos y crear soluciones de software personalizadas que se alineen con sus necesidades comerciales.<\/p>\t\t\t\t\t\t<\/div>\n\t\t\t\t<\/div>\n\t\t\t\t\t<\/div>\n\t\t<\/div>\n\t\t\t\t<div class=\"elementor-column elementor-col-33 elementor-inner-column elementor-element elementor-element-6d9a5e9\" data-id=\"6d9a5e9\" data-element_type=\"column\">\n\t\t\t<div class=\"elementor-widget-wrap elementor-element-populated\">\n\t\t\t\t\t\t\t\t<div class=\"elementor-element elementor-element-81ea7d2 elementor-widget elementor-widget-heading\" data-id=\"81ea7d2\" data-element_type=\"widget\" data-widget_type=\"heading.default\">\n\t\t\t\t<div class=\"elementor-widget-container\">\n\t\t\t<h4 class=\"elementor-heading-title elementor-size-default\"><b>Mantenimiento y soporte t\u00e9cnico<\/b><\/h4>\t\t<\/div>\n\t\t\t\t<\/div>\n\t\t\t\t<div class=\"elementor-element elementor-element-c561005 elementor-widget elementor-widget-text-editor\" data-id=\"c561005\" data-element_type=\"widget\" data-widget_type=\"text-editor.default\">\n\t\t\t\t<div class=\"elementor-widget-container\">\n\t\t\t\t\t\t\t<p>Podemos ayudarlo a integrar sus sistemas de software existentes con nuevas soluciones o plataformas, garantizando una comunicaci\u00f3n fluida y eficiente entre ellos.<\/p>\t\t\t\t\t\t<\/div>\n\t\t\t\t<\/div>\n\t\t\t\t\t<\/div>\n\t\t<\/div>\n\t\t\t\t<div class=\"elementor-column elementor-col-33 elementor-inner-column elementor-element elementor-element-a50887c\" data-id=\"a50887c\" data-element_type=\"column\">\n\t\t\t<div class=\"elementor-widget-wrap elementor-element-populated\">\n\t\t\t\t\t\t\t\t<div class=\"elementor-element elementor-element-d556496 elementor-widget elementor-widget-heading\" data-id=\"d556496\" data-element_type=\"widget\" data-widget_type=\"heading.default\">\n\t\t\t\t<div class=\"elementor-widget-container\">\n\t\t\t<h4 class=\"elementor-heading-title elementor-size-default\"><b>Integraci\u00f3n de sistema<\/b><\/h4>\t\t<\/div>\n\t\t\t\t<\/div>\n\t\t\t\t<div class=\"elementor-element elementor-element-c2d8b56 elementor-widget elementor-widget-text-editor\" data-id=\"c2d8b56\" data-element_type=\"widget\" data-widget_type=\"text-editor.default\">\n\t\t\t\t<div class=\"elementor-widget-container\">\n\t\t\t\t\t\t\t<p>Ofrecemos servicios continuos de mantenimiento y soporte para garantizar el buen funcionamiento y la optimizaci\u00f3n de sus aplicaciones y sistemas de software.<\/p>\t\t\t\t\t\t<\/div>\n\t\t\t\t<\/div>\n\t\t\t\t\t<\/div>\n\t\t<\/div>\n\t\t\t\t\t\t\t<\/div>\n\t\t<\/section>\n\t\t\t\t<section class=\"elementor-section elementor-inner-section elementor-element elementor-element-3218a24 nt-structure nt-col-33 elementor-section-boxed elementor-section-height-default elementor-section-height-default\" data-id=\"3218a24\" data-element_type=\"section\">\n\t\t\t\t\t\t<div class=\"elementor-container elementor-column-gap-default\">\n\t\t\t\t\t<div class=\"elementor-column elementor-col-33 elementor-inner-column elementor-element elementor-element-b0568f8\" data-id=\"b0568f8\" data-element_type=\"column\">\n\t\t\t<div class=\"elementor-widget-wrap elementor-element-populated\">\n\t\t\t\t\t\t\t\t<div class=\"elementor-element elementor-element-87d3a39 elementor-widget elementor-widget-heading\" data-id=\"87d3a39\" data-element_type=\"widget\" data-widget_type=\"heading.default\">\n\t\t\t\t<div class=\"elementor-widget-container\">\n\t\t\t<h4 class=\"elementor-heading-title elementor-size-default\"><b>Mejora de la calidad del software<\/b><\/h4>\t\t<\/div>\n\t\t\t\t<\/div>\n\t\t\t\t<div class=\"elementor-element elementor-element-311d620 elementor-widget elementor-widget-text-editor\" data-id=\"311d620\" data-element_type=\"widget\" data-widget_type=\"text-editor.default\">\n\t\t\t\t<div class=\"elementor-widget-container\">\n\t\t\t\t\t\t\t<p>Nuestro equipo puede revisar y mejorar la calidad de su software mediante pruebas integrales, correcci\u00f3n de errores y optimizaci\u00f3n del rendimiento.<\/p>\t\t\t\t\t\t<\/div>\n\t\t\t\t<\/div>\n\t\t\t\t\t<\/div>\n\t\t<\/div>\n\t\t\t\t<div class=\"elementor-column elementor-col-33 elementor-inner-column elementor-element elementor-element-9345f04\" data-id=\"9345f04\" data-element_type=\"column\">\n\t\t\t<div class=\"elementor-widget-wrap elementor-element-populated\">\n\t\t\t\t\t\t\t\t<div class=\"elementor-element elementor-element-730991a elementor-widget elementor-widget-heading\" data-id=\"730991a\" data-element_type=\"widget\" data-widget_type=\"heading.default\">\n\t\t\t\t<div class=\"elementor-widget-container\">\n\t\t\t<h4 class=\"elementor-heading-title elementor-size-default\"><b>Innovaci\u00f3n tecnol\u00f3gica<\/b><\/h4>\t\t<\/div>\n\t\t\t\t<\/div>\n\t\t\t\t<div class=\"elementor-element elementor-element-500eef6 elementor-widget elementor-widget-text-editor\" data-id=\"500eef6\" data-element_type=\"widget\" data-widget_type=\"text-editor.default\">\n\t\t\t\t<div class=\"elementor-widget-container\">\n\t\t\t\t\t\t\t<p>Nos mantenemos actualizados con las \u00faltimas tendencias y tecnolog\u00edas en el campo del desarrollo de software, lo que nos permite ofrecer soluciones innovadoras y orientadas al futuro.<\/p>\t\t\t\t\t\t<\/div>\n\t\t\t\t<\/div>\n\t\t\t\t\t<\/div>\n\t\t<\/div>\n\t\t\t\t<div class=\"elementor-column elementor-col-33 elementor-inner-column elementor-element elementor-element-e2480b8\" data-id=\"e2480b8\" data-element_type=\"column\">\n\t\t\t<div class=\"elementor-widget-wrap elementor-element-populated\">\n\t\t\t\t\t\t\t\t<div class=\"elementor-element elementor-element-fe06989 elementor-widget elementor-widget-heading\" data-id=\"fe06989\" data-element_type=\"widget\" data-widget_type=\"heading.default\">\n\t\t\t\t<div class=\"elementor-widget-container\">\n\t\t\t<h4 class=\"elementor-heading-title elementor-size-default\"><b>Escalabilidad y flexibilidad<\/b><\/h4>\t\t<\/div>\n\t\t\t\t<\/div>\n\t\t\t\t<div class=\"elementor-element elementor-element-95b7cf1 elementor-widget elementor-widget-text-editor\" data-id=\"95b7cf1\" data-element_type=\"widget\" data-widget_type=\"text-editor.default\">\n\t\t\t\t<div class=\"elementor-widget-container\">\n\t\t\t\t\t\t\t<p>Nuestro equipo de desarrolladores puede adaptarse a las demandas cambiantes de su empresa, brind\u00e1ndole soluciones escalables y flexibles que se adaptan a su crecimiento y evoluci\u00f3n.<\/p>\t\t\t\t\t\t<\/div>\n\t\t\t\t<\/div>\n\t\t\t\t\t<\/div>\n\t\t<\/div>\n\t\t\t\t\t\t\t<\/div>\n\t\t<\/section>\n\t\t\t\t\t<\/div>\n\t\t<\/div>\n\t\t\t\t\t\t\t<\/div>\n\t\t<\/section>\n\t\t\t\t<section class=\"elementor-section elementor-top-section elementor-element elementor-element-6bc0f68 elementor-section-boxed elementor-section-height-default elementor-section-height-default\" data-id=\"6bc0f68\" data-element_type=\"section\">\n\t\t\t\t\t\t<div class=\"elementor-container elementor-column-gap-default\">\n\t\t\t\t\t<div class=\"elementor-column elementor-col-100 elementor-top-column elementor-element elementor-element-0cd1cc6\" data-id=\"0cd1cc6\" data-element_type=\"column\">\n\t\t\t<div class=\"elementor-widget-wrap elementor-element-populated\">\n\t\t\t\t\t\t\t\t<div class=\"elementor-element elementor-element-d5ffe74 elementor-widget elementor-widget-spacer\" data-id=\"d5ffe74\" data-element_type=\"widget\" data-widget_type=\"spacer.default\">\n\t\t\t\t<div class=\"elementor-widget-container\">\n\t\t\t\t\t<div class=\"elementor-spacer\">\n\t\t\t<div class=\"elementor-spacer-inner\"><\/div>\n\t\t<\/div>\n\t\t\t\t<\/div>\n\t\t\t\t<\/div>\n\t\t\t\t\t<\/div>\n\t\t<\/div>\n\t\t\t\t\t\t\t<\/div>\n\t\t<\/section>\n\t\t\t\t\t\t\t<\/div>","protected":false},"excerpt":{"rendered":"<p>Invering Outsourcing software developers Outsourcing software developers We offer Outsourcing Software Developers service to provide you with a highly skilled team of software developers. These professionals work remotely on specific projects, seamlessly integrating into your existing team. Our goal is to provide you with technical support and software development expertise that meets your specific needs&#8230;<\/p>","protected":false},"author":9,"featured_media":0,"parent":0,"menu_order":0,"comment_status":"closed","ping_status":"closed","template":"r-energy-elementor-page.php","meta":{"footnotes":""},"_links":{"self":[{"href":"https:\/\/invering.com\/es\/wp-json\/wp\/v2\/pages\/7954"}],"collection":[{"href":"https:\/\/invering.com\/es\/wp-json\/wp\/v2\/pages"}],"about":[{"href":"https:\/\/invering.com\/es\/wp-json\/wp\/v2\/types\/page"}],"author":[{"embeddable":true,"href":"https:\/\/invering.com\/es\/wp-json\/wp\/v2\/users\/9"}],"replies":[{"embeddable":true,"href":"https:\/\/invering.com\/es\/wp-json\/wp\/v2\/comments?post=7954"}],"version-history":[{"count":16,"href":"https:\/\/invering.com\/es\/wp-json\/wp\/v2\/pages\/7954\/revisions"}],"predecessor-version":[{"id":7970,"href":"https:\/\/invering.com\/es\/wp-json\/wp\/v2\/pages\/7954\/revisions\/7970"}],"wp:attachment":[{"href":"https:\/\/invering.com\/es\/wp-json\/wp\/v2\/media?parent=7954"}],"curies":[{"name":"wp","href":"https:\/\/api.w.org\/{rel}","templated":true}]}}